{"id":41,"date":"2024-10-31T21:24:33","date_gmt":"2024-11-01T00:24:33","guid":{"rendered":"https:\/\/acerosminic.com.ar\/?page_id=41"},"modified":"2024-12-28T20:37:44","modified_gmt":"2024-12-28T23:37:44","slug":"nosotros","status":"publish","type":"page","link":"https:\/\/acerosminic.com.ar\/?page_id=41","title":{"rendered":"Nosotros"},"content":{"rendered":"\t\t<div data-elementor-type=\"wp-page\" data-elementor-id=\"41\" class=\"elementor elementor-41\" data-elementor-post-type=\"page\">\n\t\t\t\t<div class=\"elementor-element elementor-element-eb6a2d9 e-flex e-con-boxed e-con e-parent\" data-id=\"eb6a2d9\" data-element_type=\"container\" data-settings=\"{&quot;background_background&quot;:&quot;classic&quot;}\">\n\t\t\t\t\t<div class=\"e-con-inner\">\n\t\t<div class=\"elementor-element elementor-element-ce14456 e-con-full e-flex e-con e-child\" data-id=\"ce14456\" data-element_type=\"container\">\n\t\t\t\t<div class=\"elementor-element elementor-element-d295aac elementor-widget elementor-widget-heading\" data-id=\"d295aac\" data-element_type=\"widget\" data-widget_type=\"heading.default\">\n\t\t\t\t<div class=\"elementor-widget-container\">\n\t\t\t\t\t<h2 class=\"elementor-heading-title elementor-size-default\">\u00bfQui\u00e9nes<br> Somos?<\/h2>\t\t\t\t<\/div>\n\t\t\t\t<\/div>\n\t\t\t\t<\/div>\n\t\t<div class=\"elementor-element elementor-element-aaa5bf6 e-con-full e-flex e-con e-child\" data-id=\"aaa5bf6\" data-element_type=\"container\">\n\t\t\t\t<div class=\"elementor-element elementor-element-fc23fa6 elementor-widget elementor-widget-image\" data-id=\"fc23fa6\" data-element_type=\"widget\" data-widget_type=\"image.default\">\n\t\t\t\t<div class=\"elementor-widget-container\">\n\t\t\t\t\t\t\t\t\t\t\t\t\t\t\t<img fetchpriority=\"high\" decoding=\"async\" width=\"768\" height=\"735\" src=\"https:\/\/acerosminic.com.ar\/wp-content\/uploads\/2024\/11\/factory-worker-working-warehouse-handling-metal-material-production-768x735.png\" class=\"attachment-medium_large size-medium_large wp-image-443\" alt=\"\" srcset=\"https:\/\/acerosminic.com.ar\/wp-content\/uploads\/2024\/11\/factory-worker-working-warehouse-handling-metal-material-production-768x735.png 768w, https:\/\/acerosminic.com.ar\/wp-content\/uploads\/2024\/11\/factory-worker-working-warehouse-handling-metal-material-production-300x287.png 300w, https:\/\/acerosminic.com.ar\/wp-content\/uploads\/2024\/11\/factory-worker-working-warehouse-handling-metal-material-production-600x574.png 600w, https:\/\/acerosminic.com.ar\/wp-content\/uploads\/2024\/11\/factory-worker-working-warehouse-handling-metal-material-production.png 1000w\" sizes=\"(max-width: 768px) 100vw, 768px\" \/>\t\t\t\t\t\t\t\t\t\t\t\t\t\t\t<\/div>\n\t\t\t\t<\/div>\n\t\t\t\t<\/div>\n\t\t\t\t\t<\/div>\n\t\t\t\t<\/div>\n\t\t<div class=\"elementor-element elementor-element-8884cd8 e-flex e-con-boxed e-con e-parent\" data-id=\"8884cd8\" data-element_type=\"container\">\n\t\t\t\t\t<div class=\"e-con-inner\">\n\t\t\t\t<div class=\"elementor-element elementor-element-a847693 elementor-widget elementor-widget-image\" data-id=\"a847693\" data-element_type=\"widget\" data-widget_type=\"image.default\">\n\t\t\t\t<div class=\"elementor-widget-container\">\n\t\t\t\t\t\t\t\t\t\t\t\t\t\t\t<img decoding=\"async\" width=\"496\" height=\"192\" src=\"https:\/\/acerosminic.com.ar\/wp-content\/uploads\/2024\/11\/Logo_completo.png\" class=\"attachment-large size-large wp-image-133\" alt=\"\" srcset=\"https:\/\/acerosminic.com.ar\/wp-content\/uploads\/2024\/11\/Logo_completo.png 496w, https:\/\/acerosminic.com.ar\/wp-content\/uploads\/2024\/11\/Logo_completo-300x116.png 300w\" sizes=\"(max-width: 496px) 100vw, 496px\" \/>\t\t\t\t\t\t\t\t\t\t\t\t\t\t\t<\/div>\n\t\t\t\t<\/div>\n\t\t\t\t<div class=\"elementor-element elementor-element-07a1d99 elementor-widget elementor-widget-heading\" data-id=\"07a1d99\" data-element_type=\"widget\" data-widget_type=\"heading.default\">\n\t\t\t\t<div class=\"elementor-widget-container\">\n\t\t\t\t\t<h2 class=\"elementor-heading-title elementor-size-default\">ACEROS MINIC es una empresa argentina, nacida en 2022, fruto del esfuerzo y visi\u00f3n compartida de dos amigos apasionados por el mundo de la construcci\u00f3n y los materiales de calidad. Desde su fundaci\u00f3n, la compa\u00f1\u00eda ha tenido como misi\u00f3n principal ofrecer productos de hierro y acero que marquen la diferencia en cada proyecto de construcci\u00f3n, con un enfoque en el compromiso, la confianza y la calidad.\nProveemos a la industria de la construcci\u00f3n con materiales de hierro y acero que cumplen con los m\u00e1s altos est\u00e1ndares de resistencia y calidad. Creemos en la importancia de cada detalle, por eso seleccionamos productos que garanticen seguridad y rendimiento, sin importar el tama\u00f1o del proyecto.\n<\/h2>\t\t\t\t<\/div>\n\t\t\t\t<\/div>\n\t\t\t\t<div class=\"elementor-element elementor-element-f1a750b elementor-widget elementor-widget-heading\" data-id=\"f1a750b\" data-element_type=\"widget\" data-widget_type=\"heading.default\">\n\t\t\t\t<div class=\"elementor-widget-container\">\n\t\t\t\t\t<h2 class=\"elementor-heading-title elementor-size-default\">Aspiramos a ser un referente en el sector del acero en Argentina, destac\u00e1ndonos no solo por la calidad de nuestros productos, sino tambi\u00e9n por el servicio personalizado y la confianza que generamos en nuestros clientes.<\/h2>\t\t\t\t<\/div>\n\t\t\t\t<\/div>\n\t\t\t\t\t<\/div>\n\t\t\t\t<\/div>\n\t\t<div class=\"elementor-element elementor-element-5f6a970 e-flex e-con-boxed e-con e-parent\" data-id=\"5f6a970\" data-element_type=\"container\">\n\t\t\t\t\t<div class=\"e-con-inner\">\n\t\t<div class=\"elementor-element elementor-element-f2c7e97 e-con-full e-flex e-con e-child\" data-id=\"f2c7e97\" data-element_type=\"container\" data-settings=\"{&quot;background_background&quot;:&quot;classic&quot;}\">\n\t\t\t\t<\/div>\n\t\t<div class=\"elementor-element elementor-element-4512f5d e-con-full e-flex e-con e-child\" data-id=\"4512f5d\" data-element_type=\"container\">\n\t\t\t\t<div class=\"elementor-element elementor-element-2e3a8da elementor-widget elementor-widget-heading\" data-id=\"2e3a8da\" data-element_type=\"widget\" data-widget_type=\"heading.default\">\n\t\t\t\t<div class=\"elementor-widget-container\">\n\t\t\t\t\t<h2 class=\"elementor-heading-title elementor-size-default\">Confiabilidad, solidez y cercan\u00eda<\/h2>\t\t\t\t<\/div>\n\t\t\t\t<\/div>\n\t\t\t\t<div class=\"elementor-element elementor-element-c72ef94 elementor-widget elementor-widget-heading\" data-id=\"c72ef94\" data-element_type=\"widget\" data-widget_type=\"heading.default\">\n\t\t\t\t<div class=\"elementor-widget-container\">\n\t\t\t\t\t<h2 class=\"elementor-heading-title elementor-size-default\">ACEROS MINIC es una marca confiable, s\u00f3lida y cercana. Nos caracterizamos por ser un socio estrat\u00e9gico para quienes buscan materiales de calidad. Al igual que el acero que comercializamos, somos resistentes, pero flexibles; Sabemos adaptarnos a las necesidades del mercado sin perder nuestra esencia de compromiso y calidad. Nuestra personalidad refleja estabilidad y seguridad, transmitiendo a nuestros clientes la certeza de que est\u00e1n en buenas manos.Proveemos a la industria de la construcci\u00f3n con materiales de hierro y acero que cumplen con los m\u00e1s altos est\u00e1ndares de resistencia y calidad. Creemos en la importancia de cada detalle, por eso seleccionamos productos que garanticen seguridad y rendimiento, sin importar el tama\u00f1o del proyecto.\n<\/h2>\t\t\t\t<\/div>\n\t\t\t\t<\/div>\n\t\t\t\t<\/div>\n\t\t\t\t\t<\/div>\n\t\t\t\t<\/div>\n\t\t<div class=\"elementor-element elementor-element-c128691 e-flex e-con-boxed e-con e-parent\" data-id=\"c128691\" data-element_type=\"container\" data-settings=\"{&quot;background_background&quot;:&quot;classic&quot;}\">\n\t\t\t\t\t<div class=\"e-con-inner\">\n\t\t\t\t<div class=\"elementor-element elementor-element-a9fe621 elementor-widget elementor-widget-heading\" data-id=\"a9fe621\" data-element_type=\"widget\" data-widget_type=\"heading.default\">\n\t\t\t\t<div class=\"elementor-widget-container\">\n\t\t\t\t\t<h2 class=\"elementor-heading-title elementor-size-default\">\u00bfNecesit\u00e1s <br>asesoramiento?<\/h2>\t\t\t\t<\/div>\n\t\t\t\t<\/div>\n\t\t\t\t<div class=\"elementor-element elementor-element-86da57d elementor-widget elementor-widget-button\" data-id=\"86da57d\" data-element_type=\"widget\" data-widget_type=\"button.default\">\n\t\t\t\t<div class=\"elementor-widget-container\">\n\t\t\t\t\t\t\t\t\t<div class=\"elementor-button-wrapper\">\n\t\t\t\t\t<a class=\"elementor-button elementor-button-link elementor-size-sm\" href=\"https:\/\/acerosminic.com.ar\/?page_id=45\">\n\t\t\t\t\t\t<span class=\"elementor-button-content-wrapper\">\n\t\t\t\t\t\t<span class=\"elementor-button-icon\">\n\t\t\t\t<svg aria-hidden=\"true\" class=\"e-font-icon-svg e-fas-chevron-right\" viewBox=\"0 0 320 512\" xmlns=\"http:\/\/www.w3.org\/2000\/svg\"><path d=\"M285.476 272.971L91.132 467.314c-9.373 9.373-24.569 9.373-33.941 0l-22.667-22.667c-9.357-9.357-9.375-24.522-.04-33.901L188.505 256 34.484 101.255c-9.335-9.379-9.317-24.544.04-33.901l22.667-22.667c9.373-9.373 24.569-9.373 33.941 0L285.475 239.03c9.373 9.372 9.373 24.568.001 33.941z\"><\/path><\/svg>\t\t\t<\/span>\n\t\t\t\t\t\t\t\t\t<span class=\"elementor-button-text\">CONTACTANOS<\/span>\n\t\t\t\t\t<\/span>\n\t\t\t\t\t<\/a>\n\t\t\t\t<\/div>\n\t\t\t\t\t\t\t\t<\/div>\n\t\t\t\t<\/div>\n\t\t\t\t\t<\/div>\n\t\t\t\t<\/div>\n\t\t<div class=\"elementor-element elementor-element-61e0085 e-con-full e-flex e-con e-parent\" data-id=\"61e0085\" data-element_type=\"container\" data-settings=\"{&quot;background_background&quot;:&quot;classic&quot;}\">\n\t\t<div class=\"elementor-element elementor-element-97072cd e-flex e-con-boxed e-con e-child\" data-id=\"97072cd\" data-element_type=\"container\">\n\t\t\t\t\t<div class=\"e-con-inner\">\n\t\t\t\t<div class=\"elementor-element elementor-element-4263016 elementor-invisible elementor-widget elementor-widget-heading\" data-id=\"4263016\" data-element_type=\"widget\" data-settings=\"{&quot;_animation&quot;:&quot;fadeInUp&quot;}\" data-widget_type=\"heading.default\">\n\t\t\t\t<div class=\"elementor-widget-container\">\n\t\t\t\t\t<h2 class=\"elementor-heading-title elementor-size-default\">Nuestro Newsletter<\/h2>\t\t\t\t<\/div>\n\t\t\t\t<\/div>\n\t\t\t\t<div class=\"elementor-element elementor-element-9ee0409 elementor-invisible elementor-widget elementor-widget-heading\" data-id=\"9ee0409\" data-element_type=\"widget\" data-settings=\"{&quot;_animation&quot;:&quot;fadeInUp&quot;,&quot;_animation_delay&quot;:200}\" data-widget_type=\"heading.default\">\n\t\t\t\t<div class=\"elementor-widget-container\">\n\t\t\t\t\t<h2 class=\"elementor-heading-title elementor-size-default\">Inscr\u00edbete para recibir nuestras \u00faltimas novedades.<\/h2>\t\t\t\t<\/div>\n\t\t\t\t<\/div>\n\t\t\t\t<div class=\"elementor-element elementor-element-80bed8b elementor-widget-tablet__width-initial elementor-button-align-stretch elementor-invisible elementor-widget elementor-widget-form\" data-id=\"80bed8b\" data-element_type=\"widget\" data-settings=\"{&quot;button_width&quot;:&quot;20&quot;,&quot;step_next_label&quot;:&quot;Next&quot;,&quot;step_previous_label&quot;:&quot;Previous&quot;,&quot;_animation&quot;:&quot;fadeInUp&quot;,&quot;_animation_delay&quot;:400,&quot;step_type&quot;:&quot;number_text&quot;,&quot;step_icon_shape&quot;:&quot;circle&quot;}\" data-widget_type=\"form.default\">\n\t\t\t\t<div class=\"elementor-widget-container\">\n\t\t\t\t\t\t\t<form class=\"elementor-form\" method=\"post\" name=\"New Form\">\n\t\t\t<input type=\"hidden\" name=\"post_id\" value=\"41\"\/>\n\t\t\t<input type=\"hidden\" name=\"form_id\" value=\"80bed8b\"\/>\n\t\t\t<input type=\"hidden\" name=\"referer_title\" value=\"Nosotros\" \/>\n\n\t\t\t\t\t\t\t<input type=\"hidden\" name=\"queried_id\" value=\"41\"\/>\n\t\t\t\n\t\t\t<div class=\"elementor-form-fields-wrapper elementor-labels-\">\n\t\t\t\t\t\t\t\t<div class=\"elementor-field-type-email elementor-field-group elementor-column elementor-field-group-email elementor-col-80 elementor-field-required\">\n\t\t\t\t\t\t\t\t\t\t\t\t\t<input size=\"1\" type=\"email\" name=\"form_fields[email]\" id=\"form-field-email\" class=\"elementor-field elementor-size-sm  elementor-field-textual\" placeholder=\"Email\" required=\"required\" aria-required=\"true\">\n\t\t\t\t\t\t\t\t\t\t\t<\/div>\n\t\t\t\t\t\t\t\t<div class=\"elementor-field-group elementor-column elementor-field-type-submit elementor-col-20 e-form__buttons\">\n\t\t\t\t\t<button class=\"elementor-button elementor-size-sm\" type=\"submit\">\n\t\t\t\t\t\t<span class=\"elementor-button-content-wrapper\">\n\t\t\t\t\t\t\t\t\t\t\t\t\t\t\t<span class=\"elementor-button-icon\">\n\t\t\t\t\t\t\t\t\t<svg aria-hidden=\"true\" class=\"e-font-icon-svg e-fas-angle-double-right\" viewBox=\"0 0 448 512\" xmlns=\"http:\/\/www.w3.org\/2000\/svg\"><path d=\"M224.3 273l-136 136c-9.4 9.4-24.6 9.4-33.9 0l-22.6-22.6c-9.4-9.4-9.4-24.6 0-33.9l96.4-96.4-96.4-96.4c-9.4-9.4-9.4-24.6 0-33.9L54.3 103c9.4-9.4 24.6-9.4 33.9 0l136 136c9.5 9.4 9.5 24.6.1 34zm192-34l-136-136c-9.4-9.4-24.6-9.4-33.9 0l-22.6 22.6c-9.4 9.4-9.4 24.6 0 33.9l96.4 96.4-96.4 96.4c-9.4 9.4-9.4 24.6 0 33.9l22.6 22.6c9.4 9.4 24.6 9.4 33.9 0l136-136c9.4-9.2 9.4-24.4 0-33.8z\"><\/path><\/svg>\t\t\t\t\t\t\t\t\t\t\t\t\t\t\t\t\t<\/span>\n\t\t\t\t\t\t\t\t\t\t\t\t\t\t\t\t\t\t\t\t\t\t<span class=\"elementor-button-text\">Suscribirse<\/span>\n\t\t\t\t\t\t\t\t\t\t\t\t\t<\/span>\n\t\t\t\t\t<\/button>\n\t\t\t\t<\/div>\n\t\t\t<\/div>\n\t\t<\/form>\n\t\t\t\t\t\t<\/div>\n\t\t\t\t<\/div>\n\t\t\t\t\t<\/div>\n\t\t\t\t<\/div>\n\t\t\t\t<\/div>\n\t\t\t\t<\/div>\n\t\t","protected":false},"excerpt":{"rendered":"<p>\u00bfQui\u00e9nes Somos? ACEROS MINIC es una empresa argentina, nacida en 2022, fruto del esfuerzo y visi\u00f3n compartida de dos amigos apasionados por el mundo de la construcci\u00f3n y los materiales de calidad. Desde su fundaci\u00f3n, la compa\u00f1\u00eda ha tenido como misi\u00f3n principal ofrecer productos de hierro y acero que marquen la diferencia en cada proyecto [&hellip;]<\/p>\n","protected":false},"author":1,"featured_media":0,"parent":0,"menu_order":0,"comment_status":"closed","ping_status":"closed","template":"","meta":{"footnotes":""},"class_list":["post-41","page","type-page","status-publish","hentry"],"_links":{"self":[{"href":"https:\/\/acerosminic.com.ar\/index.php?rest_route=\/wp\/v2\/pages\/41","targetHints":{"allow":["GET"]}}],"collection":[{"href":"https:\/\/acerosminic.com.ar\/index.php?rest_route=\/wp\/v2\/pages"}],"about":[{"href":"https:\/\/acerosminic.com.ar\/index.php?rest_route=\/wp\/v2\/types\/page"}],"author":[{"embeddable":true,"href":"https:\/\/acerosminic.com.ar\/index.php?rest_route=\/wp\/v2\/users\/1"}],"replies":[{"embeddable":true,"href":"https:\/\/acerosminic.com.ar\/index.php?rest_route=%2Fwp%2Fv2%2Fcomments&post=41"}],"version-history":[{"count":52,"href":"https:\/\/acerosminic.com.ar\/index.php?rest_route=\/wp\/v2\/pages\/41\/revisions"}],"predecessor-version":[{"id":2175,"href":"https:\/\/acerosminic.com.ar\/index.php?rest_route=\/wp\/v2\/pages\/41\/revisions\/2175"}],"wp:attachment":[{"href":"https:\/\/acerosminic.com.ar\/index.php?rest_route=%2Fwp%2Fv2%2Fmedia&parent=41"}],"curies":[{"name":"wp","href":"https:\/\/api.w.org\/{rel}","templated":true}]}}